{"id":84,"date":"2025-07-25T04:31:46","date_gmt":"2025-07-25T02:31:46","guid":{"rendered":"https:\/\/posthorn.geistefeldt.de\/?page_id=84"},"modified":"2025-08-10T02:12:00","modified_gmt":"2025-08-10T00:12:00","slug":"posthorn-startseite","status":"publish","type":"page","link":"https:\/\/posthorn.geistefeldt.de\/","title":{"rendered":"Posthorn Startseite"},"content":{"rendered":"\t\t<div data-elementor-type=\"wp-page\" data-elementor-id=\"84\" class=\"elementor elementor-84\">\n\t\t\t\t\t\t<section class=\"elementor-section elementor-top-section elementor-element elementor-element-14ebde81 elementor-section-boxed elementor-section-height-default elementor-section-height-default\" data-id=\"14ebde81\" data-element_type=\"section\">\n\t\t\t\t\t\t<div class=\"elementor-container elementor-column-gap-default\">\n\t\t\t\t\t<div class=\"elementor-column elementor-col-100 elementor-top-column elementor-element elementor-element-7458d7e9\" data-id=\"7458d7e9\" data-element_type=\"column\">\n\t\t\t<div class=\"elementor-widget-wrap elementor-element-populated\">\n\t\t\t\t\t\t<div class=\"elementor-element elementor-element-41f957aa elementor-widget elementor-widget-image\" data-id=\"41f957aa\" data-element_type=\"widget\" data-widget_type=\"image.default\">\n\t\t\t\t<div class=\"elementor-widget-container\">\n\t\t\t\t\t\t\t\t\t\t\t\t\t\t\t<img fetchpriority=\"high\" decoding=\"async\" width=\"1024\" height=\"342\" src=\"https:\/\/posthorn.geistefeldt.de\/wp-content\/uploads\/2025\/07\/EinhornKopf-01-1024x342.jpg\" class=\"attachment-large size-large wp-image-73\" alt=\"\" srcset=\"https:\/\/posthorn.geistefeldt.de\/wp-content\/uploads\/2025\/07\/EinhornKopf-01-1024x342.jpg 1024w, https:\/\/posthorn.geistefeldt.de\/wp-content\/uploads\/2025\/07\/EinhornKopf-01-300x100.jpg 300w, https:\/\/posthorn.geistefeldt.de\/wp-content\/uploads\/2025\/07\/EinhornKopf-01-768x256.jpg 768w, https:\/\/posthorn.geistefeldt.de\/wp-content\/uploads\/2025\/07\/EinhornKopf-01-1536x513.jpg 1536w, https:\/\/posthorn.geistefeldt.de\/wp-content\/uploads\/2025\/07\/EinhornKopf-01.jpg 1600w\" sizes=\"(max-width: 1024px) 100vw, 1024px\" \/>\t\t\t\t\t\t\t\t\t\t\t\t\t\t\t<\/div>\n\t\t\t\t<\/div>\n\t\t\t\t<div class=\"elementor-element elementor-element-6fba16f3 elementor-widget elementor-widget-heading\" data-id=\"6fba16f3\" data-element_type=\"widget\" data-widget_type=\"heading.default\">\n\t\t\t\t<div class=\"elementor-widget-container\">\n\t\t\t\t\t<h2 class=\"elementor-heading-title elementor-size-xl\">Willkommen im Posthorn Eckersm\u00fchlen<\/h2>\t\t\t\t<\/div>\n\t\t\t\t<\/div>\n\t\t\t\t<div class=\"elementor-element elementor-element-1d5ebd69 elementor-widget elementor-widget-text-editor\" data-id=\"1d5ebd69\" data-element_type=\"widget\" data-widget_type=\"text-editor.default\">\n\t\t\t\t<div class=\"elementor-widget-container\">\n\t\t\t\t\t\t\t\t\tFeiern Sie stilvoll in historischem Ambiente. Unser Festsaal bietet Platz, Technik und Atmosph\u00e4re f\u00fcr Ihre besonderen Momente.\t\t\t\t\t\t\t\t<\/div>\n\t\t\t\t<\/div>\n\t\t\t\t<div class=\"elementor-element elementor-element-4aa4cc58 elementor-align-center elementor-widget__width-initial elementor-widget elementor-widget-button\" data-id=\"4aa4cc58\" data-element_type=\"widget\" data-widget_type=\"button.default\">\n\t\t\t\t<div class=\"elementor-widget-container\">\n\t\t\t\t\t\t\t\t\t<div class=\"elementor-button-wrapper\">\n\t\t\t\t\t<a class=\"elementor-button elementor-button-link elementor-size-sm\" href=\"mailto:posthorn@geistefeldt.de\">\n\t\t\t\t\t\t<span class=\"elementor-button-content-wrapper\">\n\t\t\t\t\t\t\t\t\t<span class=\"elementor-button-text\">Jetzt Saal anfragen<\/span>\n\t\t\t\t\t<\/span>\n\t\t\t\t\t<\/a>\n\t\t\t\t<\/div>\n\t\t\t\t\t\t\t\t<\/div>\n\t\t\t\t<\/div>\n\t\t\t\t<div class=\"elementor-element elementor-element-02286ca elementor-align-center elementor-widget__width-initial elementor-widget elementor-widget-button\" data-id=\"02286ca\" data-element_type=\"widget\" data-widget_type=\"button.default\">\n\t\t\t\t<div class=\"elementor-widget-container\">\n\t\t\t\t\t\t\t\t\t<div class=\"elementor-button-wrapper\">\n\t\t\t\t\t<a class=\"elementor-button elementor-button-link elementor-size-sm\" href=\"https:\/\/posthorn.geistefeldt.de\/index.php\/events\/\">\n\t\t\t\t\t\t<span class=\"elementor-button-content-wrapper\">\n\t\t\t\t\t\t\t\t\t<span class=\"elementor-button-text\">Geplante Veranstaltungen<\/span>\n\t\t\t\t\t<\/span>\n\t\t\t\t\t<\/a>\n\t\t\t\t<\/div>\n\t\t\t\t\t\t\t\t<\/div>\n\t\t\t\t<\/div>\n\t\t\t\t\t<\/div>\n\t\t<\/div>\n\t\t\t\t\t<\/div>\n\t\t<\/section>\n\t\t\t\t<section class=\"elementor-section elementor-top-section elementor-element elementor-element-1ce3be26 elementor-section-boxed elementor-section-height-default elementor-section-height-default\" data-id=\"1ce3be26\" data-element_type=\"section\">\n\t\t\t\t\t\t<div class=\"elementor-container elementor-column-gap-default\">\n\t\t\t\t\t<div class=\"elementor-column elementor-col-100 elementor-top-column elementor-element elementor-element-13902ebf\" data-id=\"13902ebf\" data-element_type=\"column\">\n\t\t\t<div class=\"elementor-widget-wrap elementor-element-populated\">\n\t\t\t\t\t\t<div class=\"elementor-element elementor-element-5558a071 elementor-widget elementor-widget-heading\" data-id=\"5558a071\" data-element_type=\"widget\" data-widget_type=\"heading.default\">\n\t\t\t\t<div class=\"elementor-widget-container\">\n\t\t\t\t\t<h2 class=\"elementor-heading-title elementor-size-default\">Ausstattung im \u00dcberblick<\/h2>\t\t\t\t<\/div>\n\t\t\t\t<\/div>\n\t\t\t\t<div class=\"elementor-element elementor-element-48c873bc elementor-widget elementor-widget-text-editor\" data-id=\"48c873bc\" data-element_type=\"widget\" data-widget_type=\"text-editor.default\">\n\t\t\t\t<div class=\"elementor-widget-container\">\n\t\t\t\t\t\t\t\t\t<ul style=\"list-style: none; text-align: center; padding: 0;\">\n  <li><i class=\"fas fa-music\" style=\"color:#d4af37; margin-right: 8px;\"><\/i> B\u00fchne &#038; Musikanlage<\/li>\n  <li><i class=\"fas fa-lightbulb\" style=\"color:#d4af37; margin-right: 8px;\"><\/i> Discobeleuchtung &#038; Nebelmaschinen<\/li>\n  <li><i class=\"fas fa-chair\" style=\"color:#d4af37; margin-right: 8px;\"><\/i> Gastro-Tische &#038; gepolsterte St\u00fchle<\/li>\n  <li><i class=\"fas fa-wine-glass-alt\" style=\"color:#d4af37; margin-right: 8px;\"><\/i> Theke mit Zapfanlage<\/li>\n  <li><i class=\"fas fa-wifi\" style=\"color:#d4af37; margin-right: 8px;\"><\/i> WLAN vorhanden<\/li>\n  <li><i class=\"fas fa-car\" style=\"color:#d4af37; margin-right: 8px;\"><\/i> Parkpl\u00e4tze direkt vor Ort<\/li>\n<\/ul>\t\t\t\t\t\t\t\t<\/div>\n\t\t\t\t<\/div>\n\t\t\t\t\t<\/div>\n\t\t<\/div>\n\t\t\t\t\t<\/div>\n\t\t<\/section>\n\t\t\t\t<section class=\"elementor-section elementor-top-section elementor-element elementor-element-30e7f87e elementor-section-boxed elementor-section-height-default elementor-section-height-default\" data-id=\"30e7f87e\" data-element_type=\"section\">\n\t\t\t\t\t\t<div class=\"elementor-container elementor-column-gap-default\">\n\t\t\t\t\t<div class=\"elementor-column elementor-col-100 elementor-top-column elementor-element elementor-element-49a7af51\" data-id=\"49a7af51\" data-element_type=\"column\">\n\t\t\t<div class=\"elementor-widget-wrap elementor-element-populated\">\n\t\t\t\t\t\t<div class=\"elementor-element elementor-element-10ab667 elementor-widget elementor-widget-heading\" data-id=\"10ab667\" data-element_type=\"widget\" data-widget_type=\"heading.default\">\n\t\t\t\t<div class=\"elementor-widget-container\">\n\t\t\t\t\t<h2 class=\"elementor-heading-title elementor-size-default\">Kontakt<\/h2>\t\t\t\t<\/div>\n\t\t\t\t<\/div>\n\t\t\t\t<div class=\"elementor-element elementor-element-2ab19871 elementor-widget elementor-widget-text-editor\" data-id=\"2ab19871\" data-element_type=\"widget\" data-widget_type=\"text-editor.default\">\n\t\t\t\t<div class=\"elementor-widget-container\">\n\t\t\t\t\t\t\t\t\t<p style=\"text-align: center;\">\n  <i class=\"fas fa-phone\" style=\"color:#d4af37; margin-right: 8px;\"><\/i>09171 \/ 87276<br>\n  <i class=\"fas fa-envelope\" style=\"color:#d4af37; margin-right: 8px;\"><\/i>posthorn@geistefeldt.de<br>\n  <i class=\"fas fa-map-marker-alt\" style=\"color:#d4af37; margin-right: 8px;\"><\/i>Eckersm\u00fchlener Hauptstra\u00dfe 53, 91154 Roth\n<\/p>\n\t\t\t\t\t\t\t\t<\/div>\n\t\t\t\t<\/div>\n\t\t\t\t\t<\/div>\n\t\t<\/div>\n\t\t\t\t\t<\/div>\n\t\t<\/section>\n\t\t\t\t<\/div>\n\t\t","protected":false},"excerpt":{"rendered":"<p>Willkommen im Posthorn Eckersm\u00fchlen Feiern Sie stilvoll in historischem Ambiente. Unser Festsaal bietet Platz, Technik und Atmosph\u00e4re f\u00fcr Ihre besonderen Momente. Jetzt Saal anfragen Geplante Veranstaltungen Ausstattung im \u00dcberblick B\u00fchne [&hellip;]<\/p>\n","protected":false},"author":1,"featured_media":0,"parent":0,"menu_order":0,"comment_status":"closed","ping_status":"closed","template":"","meta":{"_price":"","_stock":"","_tribe_ticket_header":"","_tribe_default_ticket_provider":"","_tribe_ticket_capacity":"0","_ticket_start_date":"","_ticket_end_date":"","_tribe_ticket_show_description":"","_tribe_ticket_show_not_going":false,"_tribe_ticket_use_global_stock":"","_tribe_ticket_global_stock_level":"","_global_stock_mode":"","_global_stock_cap":"","_tribe_rsvp_for_event":"","_tribe_ticket_going_count":"","_tribe_ticket_not_going_count":"","_tribe_tickets_list":"[]","_tribe_ticket_has_attendee_info_fields":false,"ocean_post_layout":"","ocean_both_sidebars_style":"","ocean_both_sidebars_content_width":0,"ocean_both_sidebars_sidebars_width":0,"ocean_sidebar":"","ocean_second_sidebar":"","ocean_disable_margins":"enable","ocean_add_body_class":"","ocean_shortcode_before_top_bar":"","ocean_shortcode_after_top_bar":"","ocean_shortcode_before_header":"","ocean_shortcode_after_header":"","ocean_has_shortcode":"","ocean_shortcode_after_title":"","ocean_shortcode_before_footer_widgets":"","ocean_shortcode_after_footer_widgets":"","ocean_shortcode_before_footer_bottom":"","ocean_shortcode_after_footer_bottom":"","ocean_display_top_bar":"default","ocean_display_header":"default","ocean_header_style":"","ocean_center_header_left_menu":"","ocean_custom_header_template":"","ocean_custom_logo":0,"ocean_custom_retina_logo":0,"ocean_custom_logo_max_width":0,"ocean_custom_logo_tablet_max_width":0,"ocean_custom_logo_mobile_max_width":0,"ocean_custom_logo_max_height":0,"ocean_custom_logo_tablet_max_height":0,"ocean_custom_logo_mobile_max_height":0,"ocean_header_custom_menu":"","ocean_menu_typo_font_family":"","ocean_menu_typo_font_subset":"","ocean_menu_typo_font_size":0,"ocean_menu_typo_font_size_tablet":0,"ocean_menu_typo_font_size_mobile":0,"ocean_menu_typo_font_size_unit":"px","ocean_menu_typo_font_weight":"","ocean_menu_typo_font_weight_tablet":"","ocean_menu_typo_font_weight_mobile":"","ocean_menu_typo_transform":"","ocean_menu_typo_transform_tablet":"","ocean_menu_typo_transform_mobile":"","ocean_menu_typo_line_height":0,"ocean_menu_typo_line_height_tablet":0,"ocean_menu_typo_line_height_mobile":0,"ocean_menu_typo_line_height_unit":"","ocean_menu_typo_spacing":0,"ocean_menu_typo_spacing_tablet":0,"ocean_menu_typo_spacing_mobile":0,"ocean_menu_typo_spacing_unit":"","ocean_menu_link_color":"","ocean_menu_link_color_hover":"","ocean_menu_link_color_active":"","ocean_menu_link_background":"","ocean_menu_link_hover_background":"","ocean_menu_link_active_background":"","ocean_menu_social_links_bg":"","ocean_menu_social_hover_links_bg":"","ocean_menu_social_links_color":"","ocean_menu_social_hover_links_color":"","ocean_disable_title":"default","ocean_disable_heading":"default","ocean_post_title":"","ocean_post_subheading":"","ocean_post_title_style":"","ocean_post_title_background_color":"","ocean_post_title_background":0,"ocean_post_title_bg_image_position":"","ocean_post_title_bg_image_attachment":"","ocean_post_title_bg_image_repeat":"","ocean_post_title_bg_image_size":"","ocean_post_title_height":0,"ocean_post_title_bg_overlay":0.5,"ocean_post_title_bg_overlay_color":"","ocean_disable_breadcrumbs":"default","ocean_breadcrumbs_color":"","ocean_breadcrumbs_separator_color":"","ocean_breadcrumbs_links_color":"","ocean_breadcrumbs_links_hover_color":"","ocean_display_footer_widgets":"default","ocean_display_footer_bottom":"default","ocean_custom_footer_template":"","footnotes":"","_tec_slr_enabled":"","_tec_slr_layout":""},"class_list":["post-84","page","type-page","status-publish","hentry","entry"],"yoast_head":"<!-- This site is optimized with the Yoast SEO plugin v26.2 - https:\/\/yoast.com\/wordpress\/plugins\/seo\/ -->\n<title>Posthorn Startseite - Posthorn Eckersm\u00fchlen<\/title>\n<meta name=\"robots\" content=\"index, follow, max-snippet:-1, max-image-preview:large, max-video-preview:-1\" \/>\n<link rel=\"canonical\" href=\"https:\/\/posthorn.geistefeldt.de\/\" \/>\n<meta property=\"og:locale\" content=\"de_DE\" \/>\n<meta property=\"og:type\" content=\"article\" \/>\n<meta property=\"og:title\" content=\"Posthorn Startseite - Posthorn Eckersm\u00fchlen\" \/>\n<meta property=\"og:description\" content=\"Willkommen im Posthorn Eckersm\u00fchlen Feiern Sie stilvoll in historischem Ambiente. Unser Festsaal bietet Platz, Technik und Atmosph\u00e4re f\u00fcr Ihre besonderen Momente. Jetzt Saal anfragen Geplante Veranstaltungen Ausstattung im \u00dcberblick B\u00fchne [&hellip;]\" \/>\n<meta property=\"og:url\" content=\"https:\/\/posthorn.geistefeldt.de\/\" \/>\n<meta property=\"og:site_name\" content=\"Posthorn Eckersm\u00fchlen\" \/>\n<meta property=\"article:modified_time\" content=\"2025-08-10T00:12:00+00:00\" \/>\n<meta property=\"og:image\" content=\"https:\/\/posthorn.geistefeldt.de\/wp-content\/uploads\/2025\/07\/EinhornKopf-01.jpg\" \/>\n\t<meta property=\"og:image:width\" content=\"1600\" \/>\n\t<meta property=\"og:image:height\" content=\"534\" \/>\n\t<meta property=\"og:image:type\" content=\"image\/jpeg\" \/>\n<meta name=\"twitter:card\" content=\"summary_large_image\" \/>\n<meta name=\"twitter:label1\" content=\"Gesch\u00e4tzte Lesezeit\" \/>\n\t<meta name=\"twitter:data1\" content=\"1\u00a0Minute\" \/>\n<script type=\"application\/ld+json\" class=\"yoast-schema-graph\">{\"@context\":\"https:\/\/schema.org\",\"@graph\":[{\"@type\":\"WebPage\",\"@id\":\"https:\/\/posthorn.geistefeldt.de\/\",\"url\":\"https:\/\/posthorn.geistefeldt.de\/\",\"name\":\"Posthorn Startseite - Posthorn Eckersm\u00fchlen\",\"isPartOf\":{\"@id\":\"https:\/\/posthorn.geistefeldt.de\/#website\"},\"primaryImageOfPage\":{\"@id\":\"https:\/\/posthorn.geistefeldt.de\/#primaryimage\"},\"image\":{\"@id\":\"https:\/\/posthorn.geistefeldt.de\/#primaryimage\"},\"thumbnailUrl\":\"https:\/\/posthorn.geistefeldt.de\/wp-content\/uploads\/2025\/07\/EinhornKopf-01-1024x342.jpg\",\"datePublished\":\"2025-07-25T02:31:46+00:00\",\"dateModified\":\"2025-08-10T00:12:00+00:00\",\"breadcrumb\":{\"@id\":\"https:\/\/posthorn.geistefeldt.de\/#breadcrumb\"},\"inLanguage\":\"de\",\"potentialAction\":[{\"@type\":\"ReadAction\",\"target\":[\"https:\/\/posthorn.geistefeldt.de\/\"]}]},{\"@type\":\"ImageObject\",\"inLanguage\":\"de\",\"@id\":\"https:\/\/posthorn.geistefeldt.de\/#primaryimage\",\"url\":\"https:\/\/posthorn.geistefeldt.de\/wp-content\/uploads\/2025\/07\/EinhornKopf-01.jpg\",\"contentUrl\":\"https:\/\/posthorn.geistefeldt.de\/wp-content\/uploads\/2025\/07\/EinhornKopf-01.jpg\",\"width\":1600,\"height\":534},{\"@type\":\"BreadcrumbList\",\"@id\":\"https:\/\/posthorn.geistefeldt.de\/#breadcrumb\",\"itemListElement\":[{\"@type\":\"ListItem\",\"position\":1,\"name\":\"Startseite\",\"item\":\"https:\/\/posthorn.geistefeldt.de\/\"},{\"@type\":\"ListItem\",\"position\":2,\"name\":\"Posthorn Startseite\"}]},{\"@type\":\"WebSite\",\"@id\":\"https:\/\/posthorn.geistefeldt.de\/#website\",\"url\":\"https:\/\/posthorn.geistefeldt.de\/\",\"name\":\"Posthorn Eckersm\u00fchlen\",\"description\":\"\",\"potentialAction\":[{\"@type\":\"SearchAction\",\"target\":{\"@type\":\"EntryPoint\",\"urlTemplate\":\"https:\/\/posthorn.geistefeldt.de\/?s={search_term_string}\"},\"query-input\":{\"@type\":\"PropertyValueSpecification\",\"valueRequired\":true,\"valueName\":\"search_term_string\"}}],\"inLanguage\":\"de\"}]}<\/script>\n<!-- \/ Yoast SEO plugin. -->","yoast_head_json":{"title":"Posthorn Startseite - Posthorn Eckersm\u00fchlen","robots":{"index":"index","follow":"follow","max-snippet":"max-snippet:-1","max-image-preview":"max-image-preview:large","max-video-preview":"max-video-preview:-1"},"canonical":"https:\/\/posthorn.geistefeldt.de\/","og_locale":"de_DE","og_type":"article","og_title":"Posthorn Startseite - Posthorn Eckersm\u00fchlen","og_description":"Willkommen im Posthorn Eckersm\u00fchlen Feiern Sie stilvoll in historischem Ambiente. Unser Festsaal bietet Platz, Technik und Atmosph\u00e4re f\u00fcr Ihre besonderen Momente. Jetzt Saal anfragen Geplante Veranstaltungen Ausstattung im \u00dcberblick B\u00fchne [&hellip;]","og_url":"https:\/\/posthorn.geistefeldt.de\/","og_site_name":"Posthorn Eckersm\u00fchlen","article_modified_time":"2025-08-10T00:12:00+00:00","og_image":[{"width":1600,"height":534,"url":"https:\/\/posthorn.geistefeldt.de\/wp-content\/uploads\/2025\/07\/EinhornKopf-01.jpg","type":"image\/jpeg"}],"twitter_card":"summary_large_image","twitter_misc":{"Gesch\u00e4tzte Lesezeit":"1\u00a0Minute"},"schema":{"@context":"https:\/\/schema.org","@graph":[{"@type":"WebPage","@id":"https:\/\/posthorn.geistefeldt.de\/","url":"https:\/\/posthorn.geistefeldt.de\/","name":"Posthorn Startseite - Posthorn Eckersm\u00fchlen","isPartOf":{"@id":"https:\/\/posthorn.geistefeldt.de\/#website"},"primaryImageOfPage":{"@id":"https:\/\/posthorn.geistefeldt.de\/#primaryimage"},"image":{"@id":"https:\/\/posthorn.geistefeldt.de\/#primaryimage"},"thumbnailUrl":"https:\/\/posthorn.geistefeldt.de\/wp-content\/uploads\/2025\/07\/EinhornKopf-01-1024x342.jpg","datePublished":"2025-07-25T02:31:46+00:00","dateModified":"2025-08-10T00:12:00+00:00","breadcrumb":{"@id":"https:\/\/posthorn.geistefeldt.de\/#breadcrumb"},"inLanguage":"de","potentialAction":[{"@type":"ReadAction","target":["https:\/\/posthorn.geistefeldt.de\/"]}]},{"@type":"ImageObject","inLanguage":"de","@id":"https:\/\/posthorn.geistefeldt.de\/#primaryimage","url":"https:\/\/posthorn.geistefeldt.de\/wp-content\/uploads\/2025\/07\/EinhornKopf-01.jpg","contentUrl":"https:\/\/posthorn.geistefeldt.de\/wp-content\/uploads\/2025\/07\/EinhornKopf-01.jpg","width":1600,"height":534},{"@type":"BreadcrumbList","@id":"https:\/\/posthorn.geistefeldt.de\/#breadcrumb","itemListElement":[{"@type":"ListItem","position":1,"name":"Startseite","item":"https:\/\/posthorn.geistefeldt.de\/"},{"@type":"ListItem","position":2,"name":"Posthorn Startseite"}]},{"@type":"WebSite","@id":"https:\/\/posthorn.geistefeldt.de\/#website","url":"https:\/\/posthorn.geistefeldt.de\/","name":"Posthorn Eckersm\u00fchlen","description":"","potentialAction":[{"@type":"SearchAction","target":{"@type":"EntryPoint","urlTemplate":"https:\/\/posthorn.geistefeldt.de\/?s={search_term_string}"},"query-input":{"@type":"PropertyValueSpecification","valueRequired":true,"valueName":"search_term_string"}}],"inLanguage":"de"}]}},"ticketed":false,"_links":{"self":[{"href":"https:\/\/posthorn.geistefeldt.de\/index.php\/wp-json\/wp\/v2\/pages\/84","targetHints":{"allow":["GET"]}}],"collection":[{"href":"https:\/\/posthorn.geistefeldt.de\/index.php\/wp-json\/wp\/v2\/pages"}],"about":[{"href":"https:\/\/posthorn.geistefeldt.de\/index.php\/wp-json\/wp\/v2\/types\/page"}],"author":[{"embeddable":true,"href":"https:\/\/posthorn.geistefeldt.de\/index.php\/wp-json\/wp\/v2\/users\/1"}],"replies":[{"embeddable":true,"href":"https:\/\/posthorn.geistefeldt.de\/index.php\/wp-json\/wp\/v2\/comments?post=84"}],"version-history":[{"count":17,"href":"https:\/\/posthorn.geistefeldt.de\/index.php\/wp-json\/wp\/v2\/pages\/84\/revisions"}],"predecessor-version":[{"id":122,"href":"https:\/\/posthorn.geistefeldt.de\/index.php\/wp-json\/wp\/v2\/pages\/84\/revisions\/122"}],"wp:attachment":[{"href":"https:\/\/posthorn.geistefeldt.de\/index.php\/wp-json\/wp\/v2\/media?parent=84"}],"curies":[{"name":"wp","href":"https:\/\/api.w.org\/{rel}","templated":true}]}}